{"id":120,"date":"2018-03-01T08:26:05","date_gmt":"2018-03-01T08:26:05","guid":{"rendered":"https:\/\/logosandmore24.com\/?page_id=120"},"modified":"2020-10-15T08:29:24","modified_gmt":"2020-10-15T08:29:24","slug":"faq","status":"publish","type":"page","link":"https:\/\/logosandmore24.com\/?page_id=120","title":{"rendered":"FAQ"},"content":{"rendered":"<div id=\"pl-120\"  class=\"panel-layout\" ><div id=\"pg-120-0\"  class=\"panel-grid panel-no-style\" ><div id=\"pgc-120-0-0\"  class=\"panel-grid-cell panel-grid-cell-empty\" ><\/div><div id=\"pgc-120-0-1\"  class=\"panel-grid-cell panel-grid-cell-mobile-last\" ><div id=\"panel-120-0-1-0\" class=\"so-panel widget widget_sow-editor panel-first-child\" data-index=\"0\" ><div\n\t\t\t\n\t\t\tclass=\"so-widget-sow-editor so-widget-sow-editor-base\"\n\t\t\t\n\t\t>\n<div class=\"siteorigin-widget-tinymce textwidget\">\n\t<div id=\"pgc-2-2-1\" class=\"panel-grid-cell\">\n<div id=\"panel-2-2-1-0\" class=\"so-panel widget widget_sow-editor panel-first-child panel-last-child\" data-index=\"7\">\n<div class=\"so-widget-sow-editor so-widget-sow-editor-base\">\n<div class=\"siteorigin-widget-tinymce textwidget\">\n<p><img loading=\"lazy\" decoding=\"async\" class=\"alignnone wp-image-140 size-full\" src=\"https:\/\/logosandmore24.com\/wp-content\/uploads\/2018\/03\/verlauf_2.png\" alt=\"\" width=\"1500\" height=\"34\" srcset=\"https:\/\/logosandmore24.com\/wp-content\/uploads\/2018\/03\/verlauf_2.png 1500w, https:\/\/logosandmore24.com\/wp-content\/uploads\/2018\/03\/verlauf_2-300x7.png 300w, https:\/\/logosandmore24.com\/wp-content\/uploads\/2018\/03\/verlauf_2-768x17.png 768w, https:\/\/logosandmore24.com\/wp-content\/uploads\/2018\/03\/verlauf_2-1024x23.png 1024w, https:\/\/logosandmore24.com\/wp-content\/uploads\/2018\/03\/verlauf_2-600x14.png 600w\" sizes=\"auto, (max-width: 1500px) 100vw, 1500px\" \/><\/p>\n<p style=\"text-align: center; padding-left: 30px;\"><span style=\"font-size: 14pt; font-family: tahoma, arial, helvetica, sans-serif; color: #6b6b6b;\"><strong>Sind die logosandmore24 Logos Unikate?<\/strong><\/span><\/p>\n<p style=\"text-align: center; padding-left: 30px;\"><span style=\"font-family: tahoma, arial, helvetica, sans-serif; color: #808080;\">Alle unsere Logos sind Unikate von professionellen Designern. Wir verkaufen ein Logo immer nur einmal.<br \/>\n<\/span><span style=\"font-family: tahoma, arial, helvetica, sans-serif; color: #808080;\">Das Logo, das Sie kaufen, ist nach Bezahlung nicht mehr im Shop verf\u00fcgbar.<\/span><\/p>\n<\/div>\n<\/div>\n<\/div>\n<\/div>\n<\/div>\n<\/div><\/div><div id=\"panel-120-0-1-1\" class=\"so-panel widget widget_sow-editor\" data-index=\"1\" ><div\n\t\t\t\n\t\t\tclass=\"so-widget-sow-editor so-widget-sow-editor-base\"\n\t\t\t\n\t\t>\n<div class=\"siteorigin-widget-tinymce textwidget\">\n\t<div id=\"pgc-2-2-2\" class=\"panel-grid-cell panel-grid-cell-mobile-last\">\n<div id=\"panel-2-2-2-0\" class=\"so-panel widget widget_sow-editor panel-first-child panel-last-child\" data-index=\"8\">\n<div class=\"so-widget-sow-editor so-widget-sow-editor-base\">\n<div class=\"siteorigin-widget-tinymce textwidget\">\n<p><img loading=\"lazy\" decoding=\"async\" class=\"alignnone wp-image-140 size-full\" src=\"https:\/\/logosandmore24.com\/wp-content\/uploads\/2018\/03\/verlauf_2.png\" alt=\"\" width=\"1500\" height=\"34\" srcset=\"https:\/\/logosandmore24.com\/wp-content\/uploads\/2018\/03\/verlauf_2.png 1500w, https:\/\/logosandmore24.com\/wp-content\/uploads\/2018\/03\/verlauf_2-300x7.png 300w, https:\/\/logosandmore24.com\/wp-content\/uploads\/2018\/03\/verlauf_2-768x17.png 768w, https:\/\/logosandmore24.com\/wp-content\/uploads\/2018\/03\/verlauf_2-1024x23.png 1024w, https:\/\/logosandmore24.com\/wp-content\/uploads\/2018\/03\/verlauf_2-600x14.png 600w\" sizes=\"auto, (max-width: 1500px) 100vw, 1500px\" \/><\/p>\n<p style=\"padding-left: 30px; text-align: center;\"><span style=\"font-size: 14pt; color: #6b6b6b;\"><strong><span style=\"font-family: tahoma, arial, helvetica, sans-serif;\">Wie ist es m\u00f6glich ein Logo zu diesen Kosten anzubieten?<\/span><\/strong><\/span><\/p>\n<p style=\"padding-left: 30px; text-align: center;\"><span style=\"font-family: tahoma, arial, helvetica, sans-serif; color: #808080;\">Unsere Designer haben langj\u00e4hrige Erfahrung in der Logoentwicklung und entwerfen<br \/>\nimmer mehrere Ideen f\u00fcr ein Logo.<br \/>\nAll diese Layouts sind fertig gestaltet, somit bezahlen Sie nicht die kreative Arbeitszeit.<\/span><\/p>\n<\/div>\n<\/div>\n<\/div>\n<\/div>\n<\/div>\n<\/div><\/div><div id=\"panel-120-0-1-2\" class=\"so-panel widget widget_sow-editor\" data-index=\"2\" ><div\n\t\t\t\n\t\t\tclass=\"so-widget-sow-editor so-widget-sow-editor-base\"\n\t\t\t\n\t\t>\n<div class=\"siteorigin-widget-tinymce textwidget\">\n\t<div id=\"pgc-2-3-1\" class=\"panel-grid-cell\">\n<div id=\"panel-2-3-1-0\" class=\"so-panel widget widget_sow-editor panel-first-child panel-last-child\" data-index=\"9\">\n<div class=\"so-widget-sow-editor so-widget-sow-editor-base\">\n<div class=\"siteorigin-widget-tinymce textwidget\">\n<p><img loading=\"lazy\" decoding=\"async\" class=\"alignnone wp-image-140 size-full\" src=\"https:\/\/logosandmore24.com\/wp-content\/uploads\/2018\/03\/verlauf_2.png\" alt=\"\" width=\"1500\" height=\"34\" srcset=\"https:\/\/logosandmore24.com\/wp-content\/uploads\/2018\/03\/verlauf_2.png 1500w, https:\/\/logosandmore24.com\/wp-content\/uploads\/2018\/03\/verlauf_2-300x7.png 300w, https:\/\/logosandmore24.com\/wp-content\/uploads\/2018\/03\/verlauf_2-768x17.png 768w, https:\/\/logosandmore24.com\/wp-content\/uploads\/2018\/03\/verlauf_2-1024x23.png 1024w, https:\/\/logosandmore24.com\/wp-content\/uploads\/2018\/03\/verlauf_2-600x14.png 600w\" sizes=\"auto, (max-width: 1500px) 100vw, 1500px\" \/><\/p>\n<p style=\"text-align: center;\"><span style=\"font-size: 14pt; color: #6b6b6b;\"><strong><span style=\"font-family: tahoma, arial, helvetica, sans-serif;\">Gibt es auch Nachteile bei unseren fertigen Logos?<\/span><\/strong><\/span><\/p>\n<p style=\"text-align: center;\"><span style=\"font-family: tahoma, arial, helvetica, sans-serif; color: #808080;\">Es gibt keine Nachteile. Wir personalisieren das ausgesuchte Logo f\u00fcr Ihr Unternehmen.<br \/>\nSie sparen die Zeit f\u00fcr ein Briefing und einen l\u00e4ngeren Entwicklungsprozess und bekommen<br \/>\nIhr fertiges Logo viel schneller.<\/span><\/p>\n<\/div>\n<\/div>\n<\/div>\n<\/div>\n<\/div>\n<\/div><\/div><div id=\"panel-120-0-1-3\" class=\"so-panel widget widget_sow-editor\" data-index=\"3\" ><div\n\t\t\t\n\t\t\tclass=\"so-widget-sow-editor so-widget-sow-editor-base\"\n\t\t\t\n\t\t>\n<div class=\"siteorigin-widget-tinymce textwidget\">\n\t<div id=\"pgc-2-3-2\" class=\"panel-grid-cell panel-grid-cell-mobile-last\">\n<div id=\"panel-2-3-2-0\" class=\"so-panel widget widget_sow-editor panel-first-child panel-last-child\" data-index=\"10\">\n<div class=\"so-widget-sow-editor so-widget-sow-editor-base\">\n<div class=\"siteorigin-widget-tinymce textwidget\">\n<p><img loading=\"lazy\" decoding=\"async\" class=\"alignnone wp-image-140 size-full\" src=\"https:\/\/logosandmore24.com\/wp-content\/uploads\/2018\/03\/verlauf_2.png\" alt=\"\" width=\"1500\" height=\"34\" srcset=\"https:\/\/logosandmore24.com\/wp-content\/uploads\/2018\/03\/verlauf_2.png 1500w, https:\/\/logosandmore24.com\/wp-content\/uploads\/2018\/03\/verlauf_2-300x7.png 300w, https:\/\/logosandmore24.com\/wp-content\/uploads\/2018\/03\/verlauf_2-768x17.png 768w, https:\/\/logosandmore24.com\/wp-content\/uploads\/2018\/03\/verlauf_2-1024x23.png 1024w, https:\/\/logosandmore24.com\/wp-content\/uploads\/2018\/03\/verlauf_2-600x14.png 600w\" sizes=\"auto, (max-width: 1500px) 100vw, 1500px\" \/><\/p>\n<p style=\"text-align: center;\"><span style=\"font-size: 14pt; color: #6b6b6b;\"><strong><span style=\"font-family: tahoma, arial, helvetica, sans-serif;\">Was passiert wenn mein Firmenname zu kurz oder zu lang f\u00fcr die Personalisierung ist?<\/span><\/strong><\/span><\/p>\n<p style=\"text-align: center;\"><span style=\"font-family: tahoma, arial, helvetica, sans-serif; color: #808080;\">Das ist kein Problem. Wir k\u00f6nnen die Schriftart, die Schriftgr\u00f6\u00dfe oder Farbe f\u00fcr Ihren Text<br \/>\nentsprechend anpassen.<\/span><\/p>\n<\/div>\n<\/div>\n<\/div>\n<\/div>\n<\/div>\n<\/div><\/div><div id=\"panel-120-0-1-4\" class=\"so-panel widget widget_sow-editor\" data-index=\"4\" ><div\n\t\t\t\n\t\t\tclass=\"so-widget-sow-editor so-widget-sow-editor-base\"\n\t\t\t\n\t\t>\n<div class=\"siteorigin-widget-tinymce textwidget\">\n\t<div id=\"pgc-2-4-1\" class=\"panel-grid-cell\">\n<div id=\"panel-2-4-1-0\" class=\"so-panel widget widget_sow-editor panel-first-child panel-last-child\" data-index=\"11\">\n<div class=\"so-widget-sow-editor so-widget-sow-editor-base\">\n<div class=\"siteorigin-widget-tinymce textwidget\">\n<p><img loading=\"lazy\" decoding=\"async\" class=\"alignnone wp-image-140 size-full\" src=\"https:\/\/logosandmore24.com\/wp-content\/uploads\/2018\/03\/verlauf_2.png\" alt=\"\" width=\"1500\" height=\"34\" srcset=\"https:\/\/logosandmore24.com\/wp-content\/uploads\/2018\/03\/verlauf_2.png 1500w, https:\/\/logosandmore24.com\/wp-content\/uploads\/2018\/03\/verlauf_2-300x7.png 300w, https:\/\/logosandmore24.com\/wp-content\/uploads\/2018\/03\/verlauf_2-768x17.png 768w, https:\/\/logosandmore24.com\/wp-content\/uploads\/2018\/03\/verlauf_2-1024x23.png 1024w, https:\/\/logosandmore24.com\/wp-content\/uploads\/2018\/03\/verlauf_2-600x14.png 600w\" sizes=\"auto, (max-width: 1500px) 100vw, 1500px\" \/><\/p>\n<p style=\"text-align: center;\"><span style=\"font-size: 14pt; color: #6b6b6b;\"><strong><span style=\"font-family: tahoma, arial, helvetica, sans-serif;\">Kann ich mein neues Logo selbst \u00e4ndern?<\/span><\/strong><\/span><\/p>\n<p style=\"text-align: center;\"><span style=\"font-family: tahoma, arial, helvetica, sans-serif; color: #808080;\">Ja. Sie k\u00f6nnen es selbst \u00e4ndern oder wir erledigen das f\u00fcr Sie.<br \/>\nF\u00fcr die \u00c4nderungen ben\u00f6tigen Sie ein Grafikprogramm, wie z.B. Illustrator oder Photoshop.<\/span><\/p>\n<\/div>\n<\/div>\n<\/div>\n<\/div>\n<\/div>\n<\/div><\/div><div id=\"panel-120-0-1-5\" class=\"so-panel widget widget_sow-editor panel-last-child\" data-index=\"5\" ><div\n\t\t\t\n\t\t\tclass=\"so-widget-sow-editor so-widget-sow-editor-base\"\n\t\t\t\n\t\t>\n<div class=\"siteorigin-widget-tinymce textwidget\">\n\t<div id=\"pgc-2-4-2\" class=\"panel-grid-cell panel-grid-cell-mobile-last\">\n<div id=\"panel-2-4-2-0\" class=\"so-panel widget widget_sow-editor panel-first-child panel-last-child\" data-index=\"12\">\n<div class=\"so-widget-sow-editor so-widget-sow-editor-base\">\n<div class=\"siteorigin-widget-tinymce textwidget\">\n<p><img loading=\"lazy\" decoding=\"async\" class=\"alignnone wp-image-140 size-full\" src=\"https:\/\/logosandmore24.com\/wp-content\/uploads\/2018\/03\/verlauf_2.png\" alt=\"\" width=\"1500\" height=\"34\" srcset=\"https:\/\/logosandmore24.com\/wp-content\/uploads\/2018\/03\/verlauf_2.png 1500w, https:\/\/logosandmore24.com\/wp-content\/uploads\/2018\/03\/verlauf_2-300x7.png 300w, https:\/\/logosandmore24.com\/wp-content\/uploads\/2018\/03\/verlauf_2-768x17.png 768w, https:\/\/logosandmore24.com\/wp-content\/uploads\/2018\/03\/verlauf_2-1024x23.png 1024w, https:\/\/logosandmore24.com\/wp-content\/uploads\/2018\/03\/verlauf_2-600x14.png 600w\" sizes=\"auto, (max-width: 1500px) 100vw, 1500px\" \/><\/p>\n<p style=\"text-align: center;\"><span style=\"color: #6b6b6b;\"><strong><span style=\"font-family: tahoma, arial, helvetica, sans-serif; font-size: 14pt;\">Enth\u00e4lt mein Logo die Urheberrechte?<\/span><\/strong><\/span><\/p>\n<p style=\"text-align: center;\"><span style=\"font-family: tahoma, arial, helvetica, sans-serif; color: #808080;\">Ja. Sie bekommen beim Kauf Ihres personalisierten Logos einen Nachweis f\u00fcr die \u00dcbertragung<br \/>\nder Nutzungsrechte. Selbstverst\u00e4ndlich k\u00f6nnen Sie auch das Logo rechtlich sch\u00fctzen lassen.<\/span><\/p>\n<\/div>\n<\/div>\n<\/div>\n<\/div>\n<\/div>\n<\/div><\/div><\/div><div id=\"pgc-120-0-2\"  class=\"panel-grid-cell panel-grid-cell-empty\" ><\/div><\/div><\/div>","protected":false},"excerpt":{"rendered":"<p>Sind die logosandmore24 Logos Unikate? Alle unsere Logos sind Unikate von professionellen Designern. Wir verkaufen ein Logo immer nur einmal. Das Logo, das Sie kaufen, ist nach Bezahlung nicht mehr im Shop verf\u00fcgbar. Wie ist es m\u00f6glich ein Logo zu diesen Kosten anzubieten? Unsere Designer haben langj\u00e4hrige Erfahrung in der Logoentwicklung und entwerfen immer mehrere [&hellip;]<\/p>\n","protected":false},"author":1,"featured_media":0,"parent":0,"menu_order":0,"comment_status":"closed","ping_status":"closed","template":"","meta":{"footnotes":""},"class_list":["post-120","page","type-page","status-publish","hentry"],"aioseo_notices":[],"_links":{"self":[{"href":"https:\/\/logosandmore24.com\/index.php?rest_route=\/wp\/v2\/pages\/120","targetHints":{"allow":["GET"]}}],"collection":[{"href":"https:\/\/logosandmore24.com\/index.php?rest_route=\/wp\/v2\/pages"}],"about":[{"href":"https:\/\/logosandmore24.com\/index.php?rest_route=\/wp\/v2\/types\/page"}],"author":[{"embeddable":true,"href":"https:\/\/logosandmore24.com\/index.php?rest_route=\/wp\/v2\/users\/1"}],"replies":[{"embeddable":true,"href":"https:\/\/logosandmore24.com\/index.php?rest_route=%2Fwp%2Fv2%2Fcomments&post=120"}],"version-history":[{"count":9,"href":"https:\/\/logosandmore24.com\/index.php?rest_route=\/wp\/v2\/pages\/120\/revisions"}],"predecessor-version":[{"id":722,"href":"https:\/\/logosandmore24.com\/index.php?rest_route=\/wp\/v2\/pages\/120\/revisions\/722"}],"wp:attachment":[{"href":"https:\/\/logosandmore24.com\/index.php?rest_route=%2Fwp%2Fv2%2Fmedia&parent=120"}],"curies":[{"name":"wp","href":"https:\/\/api.w.org\/{rel}","templated":true}]}}